{"id":11,"date":"2025-02-23T22:39:03","date_gmt":"2025-02-23T21:39:03","guid":{"rendered":"https:\/\/chez-nounou.com\/?page_id=11"},"modified":"2025-11-19T17:32:33","modified_gmt":"2025-11-19T16:32:33","slug":"commander","status":"publish","type":"page","link":"https:\/\/chez-nounou.com\/index.php\/commander\/","title":{"rendered":"Commander"},"content":{"rendered":"\n<p><\/p>\n\n\n\n<p class=\"has-theme-palette-1-color has-text-color has-link-color has-large-font-size wp-elements-1913dbda7a51a741ee28d04adbbb2362\">Les commandes sont \u00e0 retirer au 16 hameau Les Calmants 39700 SALANS.<\/p>\n\n\n\n<p class=\"has-medium-font-size\">En cas de commande par le formulaire, merci de me pr\u00e9ciser la date et heure de retrait souhait\u00e9e, en cas d&rsquo;impossibilit\u00e9 je vous rappellerai.<\/p>\n\n\n\n<p class=\"has-large-font-size\"><strong>Merci de commander id\u00e9alement par t\u00e9l\u00e9phone au 06 24 82 39 94<\/strong> de 8h \u00e0 12h et de 14h \u00e0 18h.<\/p>\n\n\n\n<p>ou par le formulaire ci dessous<\/p>\n\n\n<style id=\"wpforms-css-vars-109-block-e381c817-9ce1-4600-9296-d9827f4dcc89\">\n\t\t\t\t#wpforms-109.wpforms-block-e381c817-9ce1-4600-9296-d9827f4dcc89 {\n\t\t\t\t--wpforms-field-size-input-height: 43px;\n--wpforms-field-size-input-spacing: 15px;\n--wpforms-field-size-font-size: 16px;\n--wpforms-field-size-line-height: 19px;\n--wpforms-field-size-padding-h: 14px;\n--wpforms-field-size-checkbox-size: 16px;\n--wpforms-field-size-sublabel-spacing: 5px;\n--wpforms-field-size-icon-size: 1;\n--wpforms-label-size-font-size: 16px;\n--wpforms-label-size-line-height: 19px;\n--wpforms-label-size-sublabel-font-size: 14px;\n--wpforms-label-size-sublabel-line-height: 17px;\n--wpforms-button-size-font-size: 17px;\n--wpforms-button-size-height: 41px;\n--wpforms-button-size-padding-h: 15px;\n--wpforms-button-size-margin-top: 10px;\n\t\t\t}\n\t\t\t<\/style><div class=\"wpforms-container wpforms-container-full wpforms-block wpforms-block-e381c817-9ce1-4600-9296-d9827f4dcc89 wpforms-render-modern\" id=\"wpforms-109\"><form id=\"wpforms-form-109\" class=\"wpforms-validate wpforms-form wpforms-ajax-form\" data-formid=\"109\" method=\"post\" enctype=\"multipart\/form-data\" action=\"\/index.php\/wp-json\/wp\/v2\/pages\/11\" data-token=\"2bbfe773774ae3c8f4eac2684d335170\" data-token-time=\"1775932773\"><noscript class=\"wpforms-error-noscript\">Veuillez activer JavaScript dans votre navigateur pour remplir ce formulaire.<\/noscript><div id=\"wpforms-error-noscript\" style=\"display: none;\">Veuillez activer JavaScript dans votre navigateur pour remplir ce formulaire.<\/div><div class=\"wpforms-field-container\"><div id=\"wpforms-109-field_1-container\" class=\"wpforms-field wpforms-field-name\" data-field-id=\"1\"><fieldset><legend class=\"wpforms-field-label\">Nom <span class=\"wpforms-required-label\" aria-hidden=\"true\">*<\/span><\/legend><div class=\"wpforms-field-row wpforms-field-medium\"><div class=\"wpforms-field-row-block wpforms-first wpforms-one-half\"><input type=\"text\" id=\"wpforms-109-field_1\" class=\"wpforms-field-name-first wpforms-field-required\" name=\"wpforms[fields][1][first]\" aria-errormessage=\"wpforms-109-field_1-error\" required><label for=\"wpforms-109-field_1\" class=\"wpforms-field-sublabel after\">Pr\u00e9nom<\/label><\/div><div class=\"wpforms-field-row-block wpforms-one-half\"><input type=\"text\" id=\"wpforms-109-field_1-last\" class=\"wpforms-field-name-last wpforms-field-required\" name=\"wpforms[fields][1][last]\" aria-errormessage=\"wpforms-109-field_1-last-error\" required><label for=\"wpforms-109-field_1-last\" class=\"wpforms-field-sublabel after\">Nom<\/label><\/div><\/div><\/fieldset><\/div>\t\t<div id=\"wpforms-109-field_5-container\"\n\t\t\tclass=\"wpforms-field wpforms-field-text\"\n\t\t\tdata-field-type=\"text\"\n\t\t\tdata-field-id=\"5\"\n\t\t\t>\n\t\t\t<label class=\"wpforms-field-label\" for=\"wpforms-109-field_5\" >Num\u00e9ro de heure<\/label>\n\t\t\t<input type=\"text\" id=\"wpforms-109-field_5\" class=\"wpforms-field-medium\" name=\"wpforms[fields][5]\" >\n\t\t<\/div>\n\t\t<div id=\"wpforms-109-field_4-container\" class=\"wpforms-field wpforms-field-text\" data-field-id=\"4\"><label class=\"wpforms-field-label\" for=\"wpforms-109-field_4\">Num\u00e9ro de t\u00e9l\u00e9phone <span class=\"wpforms-required-label\" aria-hidden=\"true\">*<\/span><\/label><input type=\"text\" id=\"wpforms-109-field_4\" class=\"wpforms-field-medium wpforms-field-required\" name=\"wpforms[fields][4]\" aria-errormessage=\"wpforms-109-field_4-error\" aria-describedby=\"wpforms-109-field_4-description\" required><div id=\"wpforms-109-field_4-description\" class=\"wpforms-field-description\">Ce champ est obligatoire, car en cas de souci avec votre demande, ou pour avoir davantage de pr\u00e9cision, le t\u00e9l\u00e9phone sera le moyen utilis\u00e9 pour vous contacter<\/div><\/div><div id=\"wpforms-109-field_2-container\" class=\"wpforms-field wpforms-field-email\" data-field-id=\"2\"><label class=\"wpforms-field-label\" for=\"wpforms-109-field_2\">E-mail<\/label><input type=\"email\" id=\"wpforms-109-field_2\" class=\"wpforms-field-medium\" name=\"wpforms[fields][2]\" spellcheck=\"false\" aria-errormessage=\"wpforms-109-field_2-error\" ><\/div><div id=\"wpforms-109-field_3-container\" class=\"wpforms-field wpforms-field-textarea\" data-field-id=\"3\"><label class=\"wpforms-field-label\" for=\"wpforms-109-field_3\">Commande <span class=\"wpforms-required-label\" aria-hidden=\"true\">*<\/span><\/label><textarea id=\"wpforms-109-field_3\" class=\"wpforms-field-large wpforms-field-required\" name=\"wpforms[fields][3]\" aria-errormessage=\"wpforms-109-field_3-error\" aria-describedby=\"wpforms-109-field_3-description\" required><\/textarea><div id=\"wpforms-109-field_3-description\" class=\"wpforms-field-description\">Merci de saisir les articles que vous voulez commander avec la quantit\u00e9 d\u00e9sir\u00e9e.\n<\/div><\/div><div id=\"wpforms-109-field_7-container\" class=\"wpforms-field wpforms-field-textarea\" data-field-id=\"7\"><label class=\"wpforms-field-label\" for=\"wpforms-109-field_7\">date et heure de retrait souhait\u00e9e <span class=\"wpforms-required-label\" aria-hidden=\"true\">*<\/span><\/label><textarea id=\"wpforms-109-field_7\" class=\"wpforms-field-medium wpforms-field-required\" name=\"wpforms[fields][7]\" aria-errormessage=\"wpforms-109-field_7-error\" required><\/textarea><\/div><script>\n\t\t\t\t( function() {\n\t\t\t\t\tconst style = document.createElement( 'style' );\n\t\t\t\t\tstyle.appendChild( document.createTextNode( '#wpforms-109-field_5-container { position: absolute !important; overflow: hidden !important; display: inline !important; height: 1px !important; width: 1px !important; z-index: -1000 !important; padding: 0 !important; } #wpforms-109-field_5-container input { visibility: hidden; } #wpforms-conversational-form-page #wpforms-109-field_5-container label { counter-increment: none; }' ) );\n\t\t\t\t\tdocument.head.appendChild( style );\n\t\t\t\t\tdocument.currentScript?.remove();\n\t\t\t\t} )();\n\t\t\t<\/script><\/div><!-- .wpforms-field-container --><div class=\"wpforms-submit-container\" ><input type=\"hidden\" name=\"wpforms[id]\" value=\"109\"><input type=\"hidden\" name=\"page_title\" value=\"\"><input type=\"hidden\" name=\"page_url\" value=\"https:\/\/chez-nounou.com\/index.php\/wp-json\/wp\/v2\/pages\/11\"><input type=\"hidden\" name=\"url_referer\" value=\"\"><button type=\"submit\" name=\"wpforms[submit]\" id=\"wpforms-submit-109\" class=\"wpforms-submit\" data-alt-text=\"Envoi...\" data-submit-text=\"Commander !\" aria-live=\"assertive\" value=\"wpforms-submit\">Commander !<\/button><img loading=\"lazy\" decoding=\"async\" src=\"https:\/\/chez-nounou.com\/wp-content\/plugins\/wpforms-lite\/assets\/images\/submit-spin.svg\" class=\"wpforms-submit-spinner\" style=\"display: none;\" width=\"26\" height=\"26\" alt=\"Chargement en cours\"><\/div><\/form><\/div>  <!-- .wpforms-container -->\n\n\n<iframe src=\"https:\/\/www.google.com\/maps\/embed?pb=!1m18!1m12!1m3!1d2713.209249911567!2d5.7760669768819906!3d47.15375607115187!2m3!1f0!2f0!3f0!3m2!1i1024!2i768!4f13.1!3m3!1m2!1s0x478d5cc922f4c4f1%3A0xdb66fefffa76e2da!2s16%20Ham.%20les%20Calmants%2C%2039700%20Salans!5e0!3m2!1sfr!2sfr!4v1745619174353!5m2!1sfr!2sfr\" width=\"600\" height=\"450\" style=\"border:0;\" allowfullscreen=\"\" loading=\"lazy\" referrerpolicy=\"no-referrer-when-downgrade\"><\/iframe><iframe src=\"https:\/\/www.google.com\/maps\/embed?pb=!4v1745618994084!6m8!1m7!1si6VbNc1I-8vUqXUxMU0Kjw!2m2!1d47.15360551745919!2d5.778858747651809!3f313.9290051842846!4f4.908574577982392!5f0.7820865974627469\" width=\"600\" height=\"450\" style=\"border:0;\" allowfullscreen=\"\" loading=\"lazy\" referrerpolicy=\"no-referrer-when-downgrade\"><\/iframe>\n","protected":false},"excerpt":{"rendered":"<p>Les commandes sont \u00e0 retirer au 16 hameau Les Calmants 39700 SALANS. En cas de commande par le formulaire, merci de me pr\u00e9ciser la date et heure de retrait souhait\u00e9e, en cas d&rsquo;impossibilit\u00e9 je vous rappellerai. Merci de commander id\u00e9alement par t\u00e9l\u00e9phone au 06 24 82 39 94 de 8h \u00e0 12h et de 14h&#8230;<\/p>\n","protected":false},"author":2,"featured_media":0,"parent":0,"menu_order":0,"comment_status":"closed","ping_status":"closed","template":"","meta":{"ngg_post_thumbnail":0,"_kad_post_transparent":"","_kad_post_title":"","_kad_post_layout":"","_kad_post_sidebar_id":"","_kad_post_content_style":"","_kad_post_vertical_padding":"","_kad_post_feature":"","_kad_post_feature_position":"","_kad_post_header":false,"_kad_post_footer":false,"footnotes":""},"class_list":["post-11","page","type-page","status-publish","hentry"],"_links":{"self":[{"href":"https:\/\/chez-nounou.com\/index.php\/wp-json\/wp\/v2\/pages\/11","targetHints":{"allow":["GET"]}}],"collection":[{"href":"https:\/\/chez-nounou.com\/index.php\/wp-json\/wp\/v2\/pages"}],"about":[{"href":"https:\/\/chez-nounou.com\/index.php\/wp-json\/wp\/v2\/types\/page"}],"author":[{"embeddable":true,"href":"https:\/\/chez-nounou.com\/index.php\/wp-json\/wp\/v2\/users\/2"}],"replies":[{"embeddable":true,"href":"https:\/\/chez-nounou.com\/index.php\/wp-json\/wp\/v2\/comments?post=11"}],"version-history":[{"count":12,"href":"https:\/\/chez-nounou.com\/index.php\/wp-json\/wp\/v2\/pages\/11\/revisions"}],"predecessor-version":[{"id":470,"href":"https:\/\/chez-nounou.com\/index.php\/wp-json\/wp\/v2\/pages\/11\/revisions\/470"}],"wp:attachment":[{"href":"https:\/\/chez-nounou.com\/index.php\/wp-json\/wp\/v2\/media?parent=11"}],"curies":[{"name":"wp","href":"https:\/\/api.w.org\/{rel}","templated":true}]}}