{"id":13,"date":"2025-02-23T22:39:28","date_gmt":"2025-02-23T21:39:28","guid":{"rendered":"https:\/\/chez-nounou.com\/?page_id=13"},"modified":"2025-03-16T15:48:09","modified_gmt":"2025-03-16T14:48:09","slug":"actualites","status":"publish","type":"page","link":"https:\/\/chez-nounou.com\/index.php\/actualites\/","title":{"rendered":"Actualit\u00e9s"},"content":{"rendered":"<ul style=\"padding-top:var(--wp--preset--spacing--20);padding-bottom:var(--wp--preset--spacing--20);\" class=\"wp-block-latest-posts__list has-dates wp-block-latest-posts has-medium-font-size\"><li><a class=\"wp-block-latest-posts__post-title\" href=\"https:\/\/chez-nounou.com\/index.php\/2026\/03\/30\/les-fetes-de-paques-approchent\/\">Les f\u00eates de P\u00e2ques approchent<\/a><time datetime=\"2026-03-30T14:21:47+02:00\" class=\"wp-block-latest-posts__post-date\">30 mars 2026<\/time><div class=\"wp-block-latest-posts__post-excerpt\"><\/div><\/li>\n<li><a class=\"wp-block-latest-posts__post-title\" href=\"https:\/\/chez-nounou.com\/index.php\/2025\/11\/09\/bonjour-a-tous\/\">Bonjour \u00e0 tous !<\/a><time datetime=\"2025-11-09T20:25:05+01:00\" class=\"wp-block-latest-posts__post-date\">9 novembre 2025<\/time><div class=\"wp-block-latest-posts__post-excerpt\">Bienvenue \u00e0 la boucherie des Calmants! Apr\u00e8s 35 ans de boucherie en ville, j\u2019ai d\u00e9cid\u00e9 de vendre pour m\u2019installer \u00e0 la campagne mais sans magasin. Comme je l\u2019ai toujours fait, je propose de la viande de premier choix, des charcuteries et salaisons maison \u00e0 commander et \u00e0 venir chercher. Je suis situ\u00e9 au 16 hameau Les Calmants 39700 SALANS. Je vous propose \u00e9galement la d\u00e9coupe et transformation de vos gibiers ainsi que du traiteur \u00e0 emporter sur commande.&nbsp; D\u00e9couvrez dans l&rsquo;onglet \u00ab\u00a0Nos produits et tarifs\u00a0\u00bb l&rsquo;ensemble de ce que je peux vous proposer et que vous pouvez d&rsquo;ores et d\u00e9j\u00e0&#8230;<\/div><\/li>\n<\/ul>","protected":false},"excerpt":{"rendered":"","protected":false},"author":2,"featured_media":0,"parent":0,"menu_order":0,"comment_status":"closed","ping_status":"closed","template":"","meta":{"ngg_post_thumbnail":0,"_kad_post_transparent":"","_kad_post_title":"","_kad_post_layout":"","_kad_post_sidebar_id":"","_kad_post_content_style":"","_kad_post_vertical_padding":"","_kad_post_feature":"","_kad_post_feature_position":"","_kad_post_header":false,"_kad_post_footer":false,"footnotes":""},"class_list":["post-13","page","type-page","status-publish","hentry"],"_links":{"self":[{"href":"https:\/\/chez-nounou.com\/index.php\/wp-json\/wp\/v2\/pages\/13","targetHints":{"allow":["GET"]}}],"collection":[{"href":"https:\/\/chez-nounou.com\/index.php\/wp-json\/wp\/v2\/pages"}],"about":[{"href":"https:\/\/chez-nounou.com\/index.php\/wp-json\/wp\/v2\/types\/page"}],"author":[{"embeddable":true,"href":"https:\/\/chez-nounou.com\/index.php\/wp-json\/wp\/v2\/users\/2"}],"replies":[{"embeddable":true,"href":"https:\/\/chez-nounou.com\/index.php\/wp-json\/wp\/v2\/comments?post=13"}],"version-history":[{"count":5,"href":"https:\/\/chez-nounou.com\/index.php\/wp-json\/wp\/v2\/pages\/13\/revisions"}],"predecessor-version":[{"id":230,"href":"https:\/\/chez-nounou.com\/index.php\/wp-json\/wp\/v2\/pages\/13\/revisions\/230"}],"wp:attachment":[{"href":"https:\/\/chez-nounou.com\/index.php\/wp-json\/wp\/v2\/media?parent=13"}],"curies":[{"name":"wp","href":"https:\/\/api.w.org\/{rel}","templated":true}]}}