{"id":15,"date":"2025-02-23T22:41:32","date_gmt":"2025-02-23T21:41:32","guid":{"rendered":"https:\/\/chez-nounou.com\/?page_id=15"},"modified":"2025-04-26T00:16:25","modified_gmt":"2025-04-25T22:16:25","slug":"le-concept","status":"publish","type":"page","link":"https:\/\/chez-nounou.com\/index.php\/le-concept\/","title":{"rendered":"Le concept"},"content":{"rendered":"\n<p><strong>Bienvenue \u00e0 la boucherie des Calmants<\/strong><\/p>\n\n\n\n<p>Apr\u00e8s 35 ans de boucherie en ville, j\u2019ai d\u00e9cid\u00e9 de vendre pour m\u2019installer \u00e0 la campagne.<\/p>\n\n\n\n<p>Comme je l\u2019ai toujours fait, je propose de la viande de premier choix, des charcuteries et salaisons maison, la d\u00e9coupe et transformation de vos gibiers et \u00e9galement traiteur sur commande.&nbsp;<\/p>\n\n\n\n<p>Je suis situ\u00e9  au 16 hameau Les Calmants 39700 SALANS.<\/p>\n\n\n\n<iframe src=\"https:\/\/www.google.com\/maps\/embed?pb=!1m18!1m12!1m3!1d2713.209249911567!2d5.7760669768819906!3d47.15375607115187!2m3!1f0!2f0!3f0!3m2!1i1024!2i768!4f13.1!3m3!1m2!1s0x478d5cc922f4c4f1%3A0xdb66fefffa76e2da!2s16%20Ham.%20les%20Calmants%2C%2039700%20Salans!5e0!3m2!1sfr!2sfr!4v1745619174353!5m2!1sfr!2sfr\" width=\"600\" height=\"450\" style=\"border:0;\" allowfullscreen=\"\" loading=\"lazy\" referrerpolicy=\"no-referrer-when-downgrade\"><\/iframe><iframe src=\"https:\/\/www.google.com\/maps\/embed?pb=!4v1745618994084!6m8!1m7!1si6VbNc1I-8vUqXUxMU0Kjw!2m2!1d47.15360551745919!2d5.778858747651809!3f313.9290051842846!4f4.908574577982392!5f0.7820865974627469\" width=\"600\" height=\"450\" style=\"border:0;\" allowfullscreen=\"\" loading=\"lazy\" referrerpolicy=\"no-referrer-when-downgrade\"><\/iframe>\n\n\n\n<p><\/p>\n","protected":false},"excerpt":{"rendered":"<p>Bienvenue \u00e0 la boucherie des Calmants Apr\u00e8s 35 ans de boucherie en ville, j\u2019ai d\u00e9cid\u00e9 de vendre pour m\u2019installer \u00e0 la campagne. Comme je l\u2019ai toujours fait, je propose de la viande de premier choix, des charcuteries et salaisons maison, la d\u00e9coupe et transformation de vos gibiers et \u00e9galement traiteur sur commande.&nbsp; Je suis situ\u00e9&#8230;<\/p>\n","protected":false},"author":2,"featured_media":0,"parent":0,"menu_order":0,"comment_status":"closed","ping_status":"closed","template":"","meta":{"ngg_post_thumbnail":0,"_kad_post_transparent":"","_kad_post_title":"","_kad_post_layout":"","_kad_post_sidebar_id":"","_kad_post_content_style":"","_kad_post_vertical_padding":"","_kad_post_feature":"","_kad_post_feature_position":"","_kad_post_header":false,"_kad_post_footer":false,"footnotes":""},"class_list":["post-15","page","type-page","status-publish","hentry"],"_links":{"self":[{"href":"https:\/\/chez-nounou.com\/index.php\/wp-json\/wp\/v2\/pages\/15","targetHints":{"allow":["GET"]}}],"collection":[{"href":"https:\/\/chez-nounou.com\/index.php\/wp-json\/wp\/v2\/pages"}],"about":[{"href":"https:\/\/chez-nounou.com\/index.php\/wp-json\/wp\/v2\/types\/page"}],"author":[{"embeddable":true,"href":"https:\/\/chez-nounou.com\/index.php\/wp-json\/wp\/v2\/users\/2"}],"replies":[{"embeddable":true,"href":"https:\/\/chez-nounou.com\/index.php\/wp-json\/wp\/v2\/comments?post=15"}],"version-history":[{"count":5,"href":"https:\/\/chez-nounou.com\/index.php\/wp-json\/wp\/v2\/pages\/15\/revisions"}],"predecessor-version":[{"id":309,"href":"https:\/\/chez-nounou.com\/index.php\/wp-json\/wp\/v2\/pages\/15\/revisions\/309"}],"wp:attachment":[{"href":"https:\/\/chez-nounou.com\/index.php\/wp-json\/wp\/v2\/media?parent=15"}],"curies":[{"name":"wp","href":"https:\/\/api.w.org\/{rel}","templated":true}]}}