{"id":325,"date":"2025-05-27T19:12:56","date_gmt":"2025-05-27T17:12:56","guid":{"rendered":"https:\/\/chez-nounou.com\/?page_id=325"},"modified":"2025-09-08T15:05:25","modified_gmt":"2025-09-08T13:05:25","slug":"cote-barbecue","status":"publish","type":"page","link":"https:\/\/chez-nounou.com\/index.php\/cote-barbecue\/","title":{"rendered":"C\u00d4T\u00c9  BARBECUE"},"content":{"rendered":"\n<p><strong>L&rsquo;ensemble des produits sont d&rsquo;origine France<\/strong><\/p>\n\n\n\n<table id=\"tablepress-8\" class=\"tablepress tablepress-id-8\">\n<thead>\n<tr class=\"row-1\">\n\t<th class=\"column-1\">Intitul\u00e9<\/th><th class=\"column-2\">Prix<\/th><th class=\"column-3\">Unit\u00e9 de prix<\/th>\n<\/tr>\n<\/thead>\n<tbody class=\"row-striping row-hover\">\n<tr class=\"row-2\">\n\t<td class=\"column-1\">Chipos<\/td><td class=\"column-2\">10,90 \u20ac<\/td><td class=\"column-3\">par kg<\/td>\n<\/tr>\n<tr class=\"row-3\">\n\t<td class=\"column-1\">Merguez<\/td><td class=\"column-2\">11,50 \u20ac<\/td><td class=\"column-3\">par kg<\/td>\n<\/tr>\n<tr class=\"row-4\">\n\t<td class=\"column-1\">Saucisse blanche (selon disponibilit\u00e9)<\/td><td class=\"column-2\">16,90 \u20ac<\/td><td class=\"column-3\">par kg<\/td>\n<\/tr>\n<tr class=\"row-5\">\n\t<td class=\"column-1\">Echine sans os nature ou marin\u00e9e<\/td><td class=\"column-2\">11,00 \u20ac<\/td><td class=\"column-3\">par kg<\/td>\n<\/tr>\n<tr class=\"row-6\">\n\t<td class=\"column-1\">Araign\u00e9e de porc marin\u00e9e<\/td><td class=\"column-2\">16,50 \u20ac<\/td><td class=\"column-3\">par kg<\/td>\n<\/tr>\n<tr class=\"row-7\">\n\t<td class=\"column-1\">Travers de porc<\/td><td class=\"column-2\">11,90 \u20ac<\/td><td class=\"column-3\">par kg<\/td>\n<\/tr>\n<tr class=\"row-8\">\n\t<td class=\"column-1\">Lard frais marin\u00e9<\/td><td class=\"column-2\">11,00 \u20ac<\/td><td class=\"column-3\">par kg<\/td>\n<\/tr>\n<tr class=\"row-9\">\n\t<td class=\"column-1\">Filet de poulet marin\u00e9<\/td><td class=\"column-2\">17,90 \u20ac<\/td><td class=\"column-3\">par kg<\/td>\n<\/tr>\n<tr class=\"row-10\">\n\t<td class=\"column-1\">Pilon de poulet marin\u00e9<\/td><td class=\"column-2\">11,90 \u20ac<\/td><td class=\"column-3\">par kg<\/td>\n<\/tr>\n<tr class=\"row-11\">\n\t<td class=\"column-1\">Aile de poulet marin\u00e9<\/td><td class=\"column-2\">9,90 \u20ac<\/td><td class=\"column-3\">par kg<\/td>\n<\/tr>\n<tr class=\"row-12\">\n\t<td class=\"column-1\">C\u00f4te de b\u0153uf nature ou marin\u00e9e<\/td><td class=\"column-2\">30,00 \u20ac<\/td><td class=\"column-3\">par kg<\/td>\n<\/tr>\n<tr class=\"row-13\">\n\t<td class=\"column-1\">Basse c\u00f4te de b\u0153uf nature ou marin\u00e9e<\/td><td class=\"column-2\">15,90 \u20ac<\/td><td class=\"column-3\">par kg<\/td>\n<\/tr>\n<tr class=\"row-14\">\n\t<td class=\"column-1\">Steak marin\u00e9 maitre d&rsquo;hotel<\/td><td class=\"column-2\">22,90 \u20ac<\/td><td class=\"column-3\">par kg<\/td>\n<\/tr>\n<tr class=\"row-15\">\n\t<td class=\"column-1\">Brochette de b\u0153uf<\/td><td class=\"column-2\">2,00 \u20ac<\/td><td class=\"column-3\">pi\u00e8ce<\/td>\n<\/tr>\n<tr class=\"row-16\">\n\t<td class=\"column-1\">Brochette de poulet citron curry<\/td><td class=\"column-2\">2,00 \u20ac<\/td><td class=\"column-3\">pi\u00e8ce<\/td>\n<\/tr>\n<tr class=\"row-17\">\n\t<td class=\"column-1\">Brochette de filet mignon de porc miel agrume<\/td><td class=\"column-2\">2,00 \u20ac<\/td><td class=\"column-3\">pi\u00e8ce<\/td>\n<\/tr>\n<tr class=\"row-18\">\n\t<td class=\"column-1\"><strong>Colis n\u00b01<\/strong><br \/>\n1 kg de chipos<br \/>\n1kg de merguez<br \/>\n1 kg grillade sans os<br \/>\n1 kg pilon de poulet<br \/>\n<\/td><td class=\"column-2\">35,00 \u20ac<\/td><td class=\"column-3\">pi\u00e9ce<\/td>\n<\/tr>\n<tr class=\"row-19\">\n\t<td class=\"column-1\"><strong>Colis n\u00b02<\/strong><br \/>\n1 kg de chipos<br \/>\n1kg de merguez<br \/>\n1 kg  aile de poulet<br \/>\n5 brochettes de b\u0153uf<br \/>\n5 brochettes de poulet<br \/>\n<\/td><td class=\"column-2\">45,00 \u20ac<\/td><td class=\"column-3\">pi\u00e9ce<\/td>\n<\/tr>\n<tr class=\"row-20\">\n\t<td class=\"column-1\"><strong>Colis n\u00b03<\/strong><br \/>\n1 kg de chipos<br \/>\n1kg de merguez<br \/>\n1 kg araign\u00e9e de porc<br \/>\n1 kg pilon de poulet<br \/>\n1 kg grillade de porc sans os<br \/>\n5 brochettes de b\u0153uf<br \/>\n<\/td><td class=\"column-2\">60,00 \u20ac<\/td><td class=\"column-3\">pi\u00e9ce<\/td>\n<\/tr>\n<tr class=\"row-21\">\n\t<td class=\"column-1\"><strong>Colis n\u00b04<\/strong><br \/>\n1 kg de chipos<br \/>\n1kg de merguez<br \/>\n5 brochettes de b\u0153uf<br \/>\n5 brochettes de poulet<br \/>\n1 kg araign\u00e9e de porc<br \/>\n1 kg  aile de poulet<br \/>\n1 kg pilon de poulet<br \/>\n<\/td><td class=\"column-2\">70,00 \u20ac<\/td><td class=\"column-3\">pi\u00e9ce<\/td>\n<\/tr>\n<tr class=\"row-22\">\n\t<td class=\"column-1\"><strong>Colis n\u00b05<\/strong><br \/>\n1 kg de chipos<br \/>\n1kg de merguez<br \/>\n5 brochettes de b\u0153uf<br \/>\n5 brochettes de poulet<br \/>\n5 brochettes de mignon de porc<br \/>\nune basse c\u00f4te de b\u0153uf (env 2 kg)<br \/>\n1 kg  aile de poulet<br \/>\n1 kg pilon de poulet<br \/>\n<\/td><td class=\"column-2\">100,00 \u20ac<\/td><td class=\"column-3\">pi\u00e8ce<\/td>\n<\/tr>\n<\/tbody>\n<\/table>\n<!-- #tablepress-8 from cache -->","protected":false},"excerpt":{"rendered":"<p>L&rsquo;ensemble des produits sont d&rsquo;origine France<\/p>\n","protected":false},"author":1,"featured_media":0,"parent":0,"menu_order":0,"comment_status":"closed","ping_status":"closed","template":"","meta":{"ngg_post_thumbnail":0,"_kad_post_transparent":"","_kad_post_title":"","_kad_post_layout":"","_kad_post_sidebar_id":"","_kad_post_content_style":"","_kad_post_vertical_padding":"","_kad_post_feature":"","_kad_post_feature_position":"","_kad_post_header":false,"_kad_post_footer":false,"footnotes":""},"class_list":["post-325","page","type-page","status-publish","hentry"],"_links":{"self":[{"href":"https:\/\/chez-nounou.com\/index.php\/wp-json\/wp\/v2\/pages\/325","targetHints":{"allow":["GET"]}}],"collection":[{"href":"https:\/\/chez-nounou.com\/index.php\/wp-json\/wp\/v2\/pages"}],"about":[{"href":"https:\/\/chez-nounou.com\/index.php\/wp-json\/wp\/v2\/types\/page"}],"author":[{"embeddable":true,"href":"https:\/\/chez-nounou.com\/index.php\/wp-json\/wp\/v2\/users\/1"}],"replies":[{"embeddable":true,"href":"https:\/\/chez-nounou.com\/index.php\/wp-json\/wp\/v2\/comments?post=325"}],"version-history":[{"count":4,"href":"https:\/\/chez-nounou.com\/index.php\/wp-json\/wp\/v2\/pages\/325\/revisions"}],"predecessor-version":[{"id":437,"href":"https:\/\/chez-nounou.com\/index.php\/wp-json\/wp\/v2\/pages\/325\/revisions\/437"}],"wp:attachment":[{"href":"https:\/\/chez-nounou.com\/index.php\/wp-json\/wp\/v2\/media?parent=325"}],"curies":[{"name":"wp","href":"https:\/\/api.w.org\/{rel}","templated":true}]}}