{"id":48,"date":"2025-02-24T00:55:14","date_gmt":"2025-02-23T23:55:14","guid":{"rendered":"https:\/\/chez-nounou.com\/?page_id=48"},"modified":"2025-09-08T14:13:28","modified_gmt":"2025-09-08T12:13:28","slug":"le-boeuf","status":"publish","type":"page","link":"https:\/\/chez-nounou.com\/index.php\/le-boeuf\/","title":{"rendered":"Le boeuf"},"content":{"rendered":"\n<p><strong>Toutes nos viandes bovines sont issues de race \u00e0 viande ( Charolaise, Aubrac, limousine, Blonde d&rsquo;Aquitaine) d&rsquo;origine France (n\u00e9e, \u00e9lev\u00e9e dans les d\u00e9partements du Jura, de Sa\u00f4ne et Loire ou de l&rsquo;Ain et abattue dans le Jura)<\/strong><\/p>\n\n\n\n<table id=\"tablepress-1\" class=\"tablepress tablepress-id-1\">\n<thead>\n<tr class=\"row-1\">\n\t<th class=\"column-1\">Pi\u00e8ce<\/th><th class=\"column-2\">Prix<\/th>\n<\/tr>\n<\/thead>\n<tbody class=\"row-striping row-hover\">\n<tr class=\"row-2\">\n\t<td class=\"column-1\">Bourguignon \u00e0 braiser<\/td><td class=\"column-2\">19.90 \u20ac le kg<\/td>\n<\/tr>\n<tr class=\"row-3\">\n\t<td class=\"column-1\">Macreuse \u00e0 braiser, \u00e0 bouillir ou \u00e0 pot au feu<\/td><td class=\"column-2\">19.90 \u20ac le kg<\/td>\n<\/tr>\n<tr class=\"row-4\">\n\t<td class=\"column-1\">Paleron \u00e0 braiser, \u00e0 bouillir ou \u00e0 pot au feu<\/td><td class=\"column-2\">19.90 \u20ac le kg<\/td>\n<\/tr>\n<tr class=\"row-5\">\n\t<td class=\"column-1\">Jumeau \u00e0 braiser, \u00e0 bouillir ou \u00e0 pot au feu<\/td><td class=\"column-2\">19.90 \u20ac le kg<\/td>\n<\/tr>\n<tr class=\"row-6\">\n\t<td class=\"column-1\">Plat de c\u00f4te ou Flanchet \u00e0 pot au feu<\/td><td class=\"column-2\">11.90 \u20ac le kg<\/td>\n<\/tr>\n<tr class=\"row-7\">\n\t<td class=\"column-1\">Jarret avec os \u00e0 braiser ou \u00e0 pot au feu<\/td><td class=\"column-2\">14.90 \u20ac le kg<\/td>\n<\/tr>\n<tr class=\"row-8\">\n\t<td class=\"column-1\">Joue <\/td><td class=\"column-2\">25.00 \u20ac le kg<\/td>\n<\/tr>\n<tr class=\"row-9\">\n\t<td class=\"column-1\">Steak hach\u00e9 \u00e0 griller<\/td><td class=\"column-2\">18.90 \u20ac le kg<\/td>\n<\/tr>\n<tr class=\"row-10\">\n\t<td class=\"column-1\">Bavette ou hampe \u00e0 griller<\/td><td class=\"column-2\">22.50 \u20ac le kg<\/td>\n<\/tr>\n<tr class=\"row-11\">\n\t<td class=\"column-1\">Tranche ou Tende de tranche \u00e0 griller ou \u00e0 r\u00f4tir<\/td><td class=\"column-2\">26.50 e le kg<\/td>\n<\/tr>\n<tr class=\"row-12\">\n\t<td class=\"column-1\">Gite \u00e0 griller ou \u00e0 r\u00f4tir<\/td><td class=\"column-2\">26.50 \u20ac le kg<\/td>\n<\/tr>\n<tr class=\"row-13\">\n\t<td class=\"column-1\">Merlan \u00e0 griller ou \u00e0 r\u00f4tir<\/td><td class=\"column-2\">26.50 \u20ac le kg<\/td>\n<\/tr>\n<tr class=\"row-14\">\n\t<td class=\"column-1\">Aiguillette baronne \u00e0 griller ou \u00e0 r\u00f4tir<\/td><td class=\"column-2\">26.50 \u20ac le kg<\/td>\n<\/tr>\n<tr class=\"row-15\">\n\t<td class=\"column-1\">Onglet ou Araign\u00e9e \u00e0 griller <\/td><td class=\"column-2\">29.90 \u20ac le kg<\/td>\n<\/tr>\n<tr class=\"row-16\">\n\t<td class=\"column-1\">Faux filet \u00e0 griller<\/td><td class=\"column-2\">33.00 \u20ac par kg<\/td>\n<\/tr>\n<tr class=\"row-17\">\n\t<td class=\"column-1\">Entrec\u00f4te \u00e0 griller<\/td><td class=\"column-2\">33.00 \u20ac par kg<\/td>\n<\/tr>\n<tr class=\"row-18\">\n\t<td class=\"column-1\">Rumsteck \u00e0 griller ou \u00e0 r\u00f4tir<\/td><td class=\"column-2\">33.00 \u20ac le kg<\/td>\n<\/tr>\n<tr class=\"row-19\">\n\t<td class=\"column-1\">Poire \u00e0 griller ou \u00e0 r\u00f4tir<\/td><td class=\"column-2\">33.00 \u20ac le kg<\/td>\n<\/tr>\n<tr class=\"row-20\">\n\t<td class=\"column-1\">C\u00f4te \u00e0 griller<\/td><td class=\"column-2\">selon cours \u20ac par kg<\/td>\n<\/tr>\n<tr class=\"row-21\">\n\t<td class=\"column-1\">Filet \u00e0 griller ou \u00e0 r\u00f4tir<\/td><td class=\"column-2\">50.00 \u20ac par kg<\/td>\n<\/tr>\n<tr class=\"row-22\">\n\t<td class=\"column-1\">Tournedos \u00e0 griller<\/td><td class=\"column-2\">50.00 \u20ac par kg<\/td>\n<\/tr>\n<\/tbody>\n<\/table>\n<!-- #tablepress-1 from cache -->\n\n\n<p><\/p>\n","protected":false},"excerpt":{"rendered":"<p>Toutes nos viandes bovines sont issues de race \u00e0 viande ( Charolaise, Aubrac, limousine, Blonde d&rsquo;Aquitaine) d&rsquo;origine France (n\u00e9e, \u00e9lev\u00e9e dans les d\u00e9partements du Jura, de Sa\u00f4ne et Loire ou de l&rsquo;Ain et abattue dans le Jura)<\/p>\n","protected":false},"author":2,"featured_media":0,"parent":0,"menu_order":0,"comment_status":"closed","ping_status":"closed","template":"","meta":{"ngg_post_thumbnail":0,"_kad_post_transparent":"","_kad_post_title":"","_kad_post_layout":"","_kad_post_sidebar_id":"","_kad_post_content_style":"","_kad_post_vertical_padding":"","_kad_post_feature":"","_kad_post_feature_position":"","_kad_post_header":false,"_kad_post_footer":false,"footnotes":""},"class_list":["post-48","page","type-page","status-publish","hentry"],"_links":{"self":[{"href":"https:\/\/chez-nounou.com\/index.php\/wp-json\/wp\/v2\/pages\/48","targetHints":{"allow":["GET"]}}],"collection":[{"href":"https:\/\/chez-nounou.com\/index.php\/wp-json\/wp\/v2\/pages"}],"about":[{"href":"https:\/\/chez-nounou.com\/index.php\/wp-json\/wp\/v2\/types\/page"}],"author":[{"embeddable":true,"href":"https:\/\/chez-nounou.com\/index.php\/wp-json\/wp\/v2\/users\/2"}],"replies":[{"embeddable":true,"href":"https:\/\/chez-nounou.com\/index.php\/wp-json\/wp\/v2\/comments?post=48"}],"version-history":[{"count":5,"href":"https:\/\/chez-nounou.com\/index.php\/wp-json\/wp\/v2\/pages\/48\/revisions"}],"predecessor-version":[{"id":422,"href":"https:\/\/chez-nounou.com\/index.php\/wp-json\/wp\/v2\/pages\/48\/revisions\/422"}],"wp:attachment":[{"href":"https:\/\/chez-nounou.com\/index.php\/wp-json\/wp\/v2\/media?parent=48"}],"curies":[{"name":"wp","href":"https:\/\/api.w.org\/{rel}","templated":true}]}}