{"id":50,"date":"2025-02-24T00:55:31","date_gmt":"2025-02-23T23:55:31","guid":{"rendered":"https:\/\/chez-nounou.com\/?page_id=50"},"modified":"2025-09-08T14:24:22","modified_gmt":"2025-09-08T12:24:22","slug":"le-porc","status":"publish","type":"page","link":"https:\/\/chez-nounou.com\/index.php\/le-porc\/","title":{"rendered":"Le porc"},"content":{"rendered":"\n<p><strong>Origine France IGP JURA : les porcs sont n\u00e9s, \u00e9lev\u00e9s et abattus dans le Jura<\/strong><\/p>\n\n\n\n<table id=\"tablepress-3\" class=\"tablepress tablepress-id-3\">\n<thead>\n<tr class=\"row-1\">\n\t<th class=\"column-1\">Pi\u00e8ce<\/th><th class=\"column-2\">Prix<\/th>\n<\/tr>\n<\/thead>\n<tbody class=\"row-striping row-hover\">\n<tr class=\"row-2\">\n\t<td class=\"column-1\">C\u00f4te 1\u00e8re ou \u00e9chine avec os<\/td><td class=\"column-2\">9,9 \u20ac par kg<\/td>\n<\/tr>\n<tr class=\"row-3\">\n\t<td class=\"column-1\">R\u00f4ti sans os \u00e9chine<\/td><td class=\"column-2\">11 \u20ac par kg<\/td>\n<\/tr>\n<tr class=\"row-4\">\n\t<td class=\"column-1\">Rouelle<\/td><td class=\"column-2\">9,9 \u20ac par kg<\/td>\n<\/tr>\n<tr class=\"row-5\">\n\t<td class=\"column-1\">R\u00f4ti filet roul\u00e9<\/td><td class=\"column-2\">12,5 \u20ac par kg<\/td>\n<\/tr>\n<tr class=\"row-6\">\n\t<td class=\"column-1\">Filet mignon<\/td><td class=\"column-2\">18.9 \u20ac par kg<\/td>\n<\/tr>\n<tr class=\"row-7\">\n\t<td class=\"column-1\">Travers<\/td><td class=\"column-2\">11,9 \u20ac par kg<\/td>\n<\/tr>\n<tr class=\"row-8\">\n\t<td class=\"column-1\">Poitrine fraiche<\/td><td class=\"column-2\">9,5 \u20ac par kg<\/td>\n<\/tr>\n<tr class=\"row-9\">\n\t<td class=\"column-1\">Gorge<\/td><td class=\"column-2\">6,5 \u20ac par kg<\/td>\n<\/tr>\n<tr class=\"row-10\">\n\t<td class=\"column-1\">Foie<\/td><td class=\"column-2\">5,5 \u20ac par kg<\/td>\n<\/tr>\n<tr class=\"row-11\">\n\t<td class=\"column-1\">Jambon entier sal\u00e9 pour broche minimum 10 kg<\/td><td class=\"column-2\">7,5 \u20ac par kg<\/td>\n<\/tr>\n<\/tbody>\n<\/table>\n<!-- #tablepress-3 from cache -->","protected":false},"excerpt":{"rendered":"<p>Origine France IGP JURA : les porcs sont n\u00e9s, \u00e9lev\u00e9s et abattus dans le Jura<\/p>\n","protected":false},"author":2,"featured_media":0,"parent":0,"menu_order":0,"comment_status":"closed","ping_status":"closed","template":"","meta":{"ngg_post_thumbnail":0,"_kad_post_transparent":"","_kad_post_title":"","_kad_post_layout":"","_kad_post_sidebar_id":"","_kad_post_content_style":"","_kad_post_vertical_padding":"","_kad_post_feature":"","_kad_post_feature_position":"","_kad_post_header":false,"_kad_post_footer":false,"footnotes":""},"class_list":["post-50","page","type-page","status-publish","hentry"],"_links":{"self":[{"href":"https:\/\/chez-nounou.com\/index.php\/wp-json\/wp\/v2\/pages\/50","targetHints":{"allow":["GET"]}}],"collection":[{"href":"https:\/\/chez-nounou.com\/index.php\/wp-json\/wp\/v2\/pages"}],"about":[{"href":"https:\/\/chez-nounou.com\/index.php\/wp-json\/wp\/v2\/types\/page"}],"author":[{"embeddable":true,"href":"https:\/\/chez-nounou.com\/index.php\/wp-json\/wp\/v2\/users\/2"}],"replies":[{"embeddable":true,"href":"https:\/\/chez-nounou.com\/index.php\/wp-json\/wp\/v2\/comments?post=50"}],"version-history":[{"count":4,"href":"https:\/\/chez-nounou.com\/index.php\/wp-json\/wp\/v2\/pages\/50\/revisions"}],"predecessor-version":[{"id":425,"href":"https:\/\/chez-nounou.com\/index.php\/wp-json\/wp\/v2\/pages\/50\/revisions\/425"}],"wp:attachment":[{"href":"https:\/\/chez-nounou.com\/index.php\/wp-json\/wp\/v2\/media?parent=50"}],"curies":[{"name":"wp","href":"https:\/\/api.w.org\/{rel}","templated":true}]}}