{"id":54,"date":"2025-02-24T00:55:56","date_gmt":"2025-02-23T23:55:56","guid":{"rendered":"https:\/\/chez-nounou.com\/?page_id=54"},"modified":"2025-09-08T14:49:26","modified_gmt":"2025-09-08T12:49:26","slug":"le-veau","status":"publish","type":"page","link":"https:\/\/chez-nounou.com\/index.php\/le-veau\/","title":{"rendered":"Le veau"},"content":{"rendered":"\n<p><strong>Toutes nos veaux sont issues de race \u00e0 viande d&rsquo;origine France (n\u00e9e, \u00e9lev\u00e9e dans les d\u00e9partements du Jura, de Sa\u00f4ne et Loire ou de l&rsquo;Ain et abattue dans le Jura)<\/strong><\/p>\n\n\n\n<table id=\"tablepress-2\" class=\"tablepress tablepress-id-2\">\n<thead>\n<tr class=\"row-1\">\n\t<th class=\"column-1\">Pi\u00e8ce<\/th><th class=\"column-2\">Prix<\/th>\n<\/tr>\n<\/thead>\n<tbody class=\"row-striping row-hover\">\n<tr class=\"row-2\">\n\t<td class=\"column-1\">Blanquette avec os<\/td><td class=\"column-2\">14.50 \u20ac le kg<\/td>\n<\/tr>\n<tr class=\"row-3\">\n\t<td class=\"column-1\">blanquette sans os<\/td><td class=\"column-2\">22.50 \u20ac le kg<\/td>\n<\/tr>\n<tr class=\"row-4\">\n\t<td class=\"column-1\">Saut\u00e9 ou Marengo<\/td><td class=\"column-2\">22.50 \u20ac le kg<\/td>\n<\/tr>\n<tr class=\"row-5\">\n\t<td class=\"column-1\">R\u00f4ti \u00e9paule sans os<\/td><td class=\"column-2\">24.50 \u20ac le kg<\/td>\n<\/tr>\n<tr class=\"row-6\">\n\t<td class=\"column-1\">R\u00f4ti quasi sans os<\/td><td class=\"column-2\">26.50 \u20ac le kg<\/td>\n<\/tr>\n<tr class=\"row-7\">\n\t<td class=\"column-1\">C\u00f4te<\/td><td class=\"column-2\">22.50 \u20ac le kg<\/td>\n<\/tr>\n<tr class=\"row-8\">\n\t<td class=\"column-1\">Carr\u00e9 de veau<\/td><td class=\"column-2\">22.50 \u20ac le kg<\/td>\n<\/tr>\n<tr class=\"row-9\">\n\t<td class=\"column-1\">Escalope<\/td><td class=\"column-2\">32.50 \u20ac le kg<\/td>\n<\/tr>\n<tr class=\"row-10\">\n\t<td class=\"column-1\">Jarret osso bucco<\/td><td class=\"column-2\">25.00 \u20ac le kg<\/td>\n<\/tr>\n<tr class=\"row-11\">\n\t<td class=\"column-1\">Filet mignon<\/td><td class=\"column-2\">38.00 \u20ac le kg<\/td>\n<\/tr>\n<tr class=\"row-12\">\n\t<td class=\"column-1\">Grenadin<\/td><td class=\"column-2\">40.00 \u20ac le kg<\/td>\n<\/tr>\n<tr class=\"row-13\">\n\t<td class=\"column-1\">Paupiette<\/td><td class=\"column-2\">18.90 \u20ac le kg<\/td>\n<\/tr>\n<\/tbody>\n<\/table>\n<!-- #tablepress-2 from cache -->","protected":false},"excerpt":{"rendered":"<p>Toutes nos veaux sont issues de race \u00e0 viande d&rsquo;origine France (n\u00e9e, \u00e9lev\u00e9e dans les d\u00e9partements du Jura, de Sa\u00f4ne et Loire ou de l&rsquo;Ain et abattue dans le Jura)<\/p>\n","protected":false},"author":2,"featured_media":0,"parent":0,"menu_order":0,"comment_status":"closed","ping_status":"closed","template":"","meta":{"ngg_post_thumbnail":0,"_kad_post_transparent":"","_kad_post_title":"","_kad_post_layout":"","_kad_post_sidebar_id":"","_kad_post_content_style":"","_kad_post_vertical_padding":"","_kad_post_feature":"","_kad_post_feature_position":"","_kad_post_header":false,"_kad_post_footer":false,"footnotes":""},"class_list":["post-54","page","type-page","status-publish","hentry"],"_links":{"self":[{"href":"https:\/\/chez-nounou.com\/index.php\/wp-json\/wp\/v2\/pages\/54","targetHints":{"allow":["GET"]}}],"collection":[{"href":"https:\/\/chez-nounou.com\/index.php\/wp-json\/wp\/v2\/pages"}],"about":[{"href":"https:\/\/chez-nounou.com\/index.php\/wp-json\/wp\/v2\/types\/page"}],"author":[{"embeddable":true,"href":"https:\/\/chez-nounou.com\/index.php\/wp-json\/wp\/v2\/users\/2"}],"replies":[{"embeddable":true,"href":"https:\/\/chez-nounou.com\/index.php\/wp-json\/wp\/v2\/comments?post=54"}],"version-history":[{"count":4,"href":"https:\/\/chez-nounou.com\/index.php\/wp-json\/wp\/v2\/pages\/54\/revisions"}],"predecessor-version":[{"id":435,"href":"https:\/\/chez-nounou.com\/index.php\/wp-json\/wp\/v2\/pages\/54\/revisions\/435"}],"wp:attachment":[{"href":"https:\/\/chez-nounou.com\/index.php\/wp-json\/wp\/v2\/media?parent=54"}],"curies":[{"name":"wp","href":"https:\/\/api.w.org\/{rel}","templated":true}]}}