{"id":60,"date":"2025-02-24T00:56:38","date_gmt":"2025-02-23T23:56:38","guid":{"rendered":"https:\/\/chez-nounou.com\/?page_id=60"},"modified":"2025-09-10T15:42:08","modified_gmt":"2025-09-10T13:42:08","slug":"la-charcuterie","status":"publish","type":"page","link":"https:\/\/chez-nounou.com\/index.php\/la-charcuterie\/","title":{"rendered":"La charcuterie"},"content":{"rendered":"\n<p class=\"has-medium-font-size\"><strong>Allerg\u00e8nes<\/strong>:<\/p>\n\n\n\n<div class=\"wp-block-group\"><div class=\"wp-block-group__inner-container is-layout-constrained wp-block-group-is-layout-constrained\">\n<p><strong>Pied pan\u00e9 : gluten, oeuf<\/strong><\/p>\n\n\n\n<p><strong>Filet de hareng \u00e0 l&rsquo;huile : pr\u00e9sence de graines de moutarde dans l&rsquo;huile<\/strong><\/p>\n\n\n\n<p><strong>Palette \u00e0 la diable : sauce \u00e0 base de moutarde<\/strong><\/p>\n<\/div><\/div>\n\n\n\n<table id=\"tablepress-6\" class=\"tablepress tablepress-id-6\">\n<thead>\n<tr class=\"row-1\">\n\t<th class=\"column-1\">Intitul\u00e9<\/th><th class=\"column-2\">Prix<\/th>\n<\/tr>\n<\/thead>\n<tbody class=\"row-striping row-hover\">\n<tr class=\"row-2\">\n\t<td class=\"column-1\">Chair \u00e0 saucisse<\/td><td class=\"column-2\">12.50 \u20ac par kg<\/td>\n<\/tr>\n<tr class=\"row-3\">\n\t<td class=\"column-1\">Chipo<\/td><td class=\"column-2\">12.50 \u20ac par kg<\/td>\n<\/tr>\n<tr class=\"row-4\">\n\t<td class=\"column-1\">Chipo aux herbes<\/td><td class=\"column-2\">12.50 \u20ac par kg<\/td>\n<\/tr>\n<tr class=\"row-5\">\n\t<td class=\"column-1\">Merguez<\/td><td class=\"column-2\">14.90 \u20ac par kg<\/td>\n<\/tr>\n<tr class=\"row-6\">\n\t<td class=\"column-1\">Filet de harengs \u00e0 l&rsquo;huile<\/td><td class=\"column-2\">18,90 \u20ac par kg<\/td>\n<\/tr>\n<tr class=\"row-7\">\n\t<td class=\"column-1\">Saindoux pot de 250 grs<\/td><td class=\"column-2\">2,50 \u20ac pi\u00e8ce<\/td>\n<\/tr>\n<tr class=\"row-8\">\n\t<td class=\"column-1\">Pied pan\u00e9<\/td><td class=\"column-2\">10,50 \u20ac par kg<\/td>\n<\/tr>\n<tr class=\"row-9\">\n\t<td class=\"column-1\">Knack<\/td><td class=\"column-2\">16.90 \u20ac le kg<\/td>\n<\/tr>\n<tr class=\"row-10\">\n\t<td class=\"column-1\">Saucisse fum\u00e9e<\/td><td class=\"column-2\">12,90 \u20ac par kg<\/td>\n<\/tr>\n<tr class=\"row-11\">\n\t<td class=\"column-1\">Saucisse fraiche<\/td><td class=\"column-2\">11,90 \u20ac par kg<\/td>\n<\/tr>\n<tr class=\"row-12\">\n\t<td class=\"column-1\">Poitrine fum\u00e9e ou demi sel<\/td><td class=\"column-2\">12,90 \u20ac par kg<\/td>\n<\/tr>\n<tr class=\"row-13\">\n\t<td class=\"column-1\">Palette fum\u00e9e ou demi sel<\/td><td class=\"column-2\">10,90 \u20ac par kg<\/td>\n<\/tr>\n<tr class=\"row-14\">\n\t<td class=\"column-1\">Palette \u00e0 la diable<\/td><td class=\"column-2\">12,90 \u20ac par kg<\/td>\n<\/tr>\n<tr class=\"row-15\">\n\t<td class=\"column-1\">Echine fum\u00e9e<\/td><td class=\"column-2\">13,90 \u20ac par kg<\/td>\n<\/tr>\n<tr class=\"row-16\">\n\t<td class=\"column-1\">Jambonneau demi sel<\/td><td class=\"column-2\">6,90 \u20ac par kg<\/td>\n<\/tr>\n<tr class=\"row-17\">\n\t<td class=\"column-1\">Braisi<\/td><td class=\"column-2\">35 \u20ac par kg<\/td>\n<\/tr>\n<tr class=\"row-18\">\n\t<td class=\"column-1\">Bacon<\/td><td class=\"column-2\">25 \u20ac par kg<\/td>\n<\/tr>\n<tr class=\"row-19\">\n\t<td class=\"column-1\">Pancetta<\/td><td class=\"column-2\">35 \u20ac par kg<\/td>\n<\/tr>\n<tr class=\"row-20\">\n\t<td class=\"column-1\">Rosette<\/td><td class=\"column-2\">35 \u20ac par kg<\/td>\n<\/tr>\n<tr class=\"row-21\">\n\t<td class=\"column-1\">Jambon cru fum\u00e9<\/td><td class=\"column-2\">35 \u20ac par kg<\/td>\n<\/tr>\n<tr class=\"row-22\">\n\t<td class=\"column-1\">Saucisson pur porc<\/td><td class=\"column-2\">8,50 \u20ac pi\u00e8ce<\/td>\n<\/tr>\n<tr class=\"row-23\">\n\t<td class=\"column-1\">Plateau charcuterie raclette 5 pers minimum<\/td><td class=\"column-2\">4 \u20ac par pers<\/td>\n<\/tr>\n<tr class=\"row-24\">\n\t<td class=\"column-1\">Plateau raclette (fromage + charcuterie) 5 pers minimum<\/td><td class=\"column-2\">8 \u20ac par pers<\/td>\n<\/tr>\n<tr class=\"row-25\">\n\t<td class=\"column-1\">plateau charcuterie ap\u00e9ritif  10 pers<\/td><td class=\"column-2\">30 \u20ac pi\u00e8ce<\/td>\n<\/tr>\n<tr class=\"row-26\">\n\t<td class=\"column-1\">Plateau viande \u00e0 pierrade ou chinoise (200 g\/pers) 5 pers minimum<\/td><td class=\"column-2\">5.50 \u20ac par pers<\/td>\n<\/tr>\n<tr class=\"row-27\">\n\t<td class=\"column-1\"><\/td><td class=\"column-2\"><\/td>\n<\/tr>\n<\/tbody>\n<\/table>\n<!-- #tablepress-6 from cache -->\n\n\n<p><\/p>\n","protected":false},"excerpt":{"rendered":"<p>Allerg\u00e8nes: Pied pan\u00e9 : gluten, oeuf Filet de hareng \u00e0 l&rsquo;huile : pr\u00e9sence de graines de moutarde dans l&rsquo;huile Palette \u00e0 la diable : sauce \u00e0 base de moutarde<\/p>\n","protected":false},"author":2,"featured_media":0,"parent":0,"menu_order":0,"comment_status":"closed","ping_status":"closed","template":"","meta":{"ngg_post_thumbnail":0,"_kad_post_transparent":"","_kad_post_title":"","_kad_post_layout":"","_kad_post_sidebar_id":"","_kad_post_content_style":"","_kad_post_vertical_padding":"","_kad_post_feature":"","_kad_post_feature_position":"","_kad_post_header":false,"_kad_post_footer":false,"footnotes":""},"class_list":["post-60","page","type-page","status-publish","hentry"],"_links":{"self":[{"href":"https:\/\/chez-nounou.com\/index.php\/wp-json\/wp\/v2\/pages\/60","targetHints":{"allow":["GET"]}}],"collection":[{"href":"https:\/\/chez-nounou.com\/index.php\/wp-json\/wp\/v2\/pages"}],"about":[{"href":"https:\/\/chez-nounou.com\/index.php\/wp-json\/wp\/v2\/types\/page"}],"author":[{"embeddable":true,"href":"https:\/\/chez-nounou.com\/index.php\/wp-json\/wp\/v2\/users\/2"}],"replies":[{"embeddable":true,"href":"https:\/\/chez-nounou.com\/index.php\/wp-json\/wp\/v2\/comments?post=60"}],"version-history":[{"count":4,"href":"https:\/\/chez-nounou.com\/index.php\/wp-json\/wp\/v2\/pages\/60\/revisions"}],"predecessor-version":[{"id":453,"href":"https:\/\/chez-nounou.com\/index.php\/wp-json\/wp\/v2\/pages\/60\/revisions\/453"}],"wp:attachment":[{"href":"https:\/\/chez-nounou.com\/index.php\/wp-json\/wp\/v2\/media?parent=60"}],"curies":[{"name":"wp","href":"https:\/\/api.w.org\/{rel}","templated":true}]}}